{"id":49,"date":"2021-04-09T23:35:03","date_gmt":"2021-04-09T21:35:03","guid":{"rendered":"https:\/\/sandra.dst-org.de\/?page_id=49"},"modified":"2023-08-23T08:20:04","modified_gmt":"2023-08-23T06:20:04","slug":"schulungen","status":"publish","type":"page","link":"https:\/\/sandra.dst-org.de\/index.php\/schulungen\/","title":{"rendered":"Schulungen"},"content":{"rendered":"\t\t<div data-elementor-type=\"wp-page\" data-elementor-id=\"49\" class=\"elementor elementor-49\" data-elementor-post-type=\"page\">\n\t\t\t\t\t\t<section class=\"elementor-section elementor-top-section elementor-element elementor-element-0482c62 elementor-section-boxed elementor-section-height-default elementor-section-height-default\" data-id=\"0482c62\" data-element_type=\"section\" data-e-type=\"section\">\n\t\t\t\t\t\t<div class=\"elementor-container elementor-column-gap-default\">\n\t\t\t\t\t<div class=\"elementor-column elementor-col-100 elementor-top-column elementor-element elementor-element-aac8527\" data-id=\"aac8527\" data-element_type=\"column\" data-e-type=\"column\">\n\t\t\t<div class=\"elementor-widget-wrap elementor-element-populated\">\n\t\t\t\t\t\t<div class=\"elementor-element elementor-element-2d9a1f0 elementor-widget elementor-widget-heading\" data-id=\"2d9a1f0\" data-element_type=\"widget\" data-e-type=\"widget\" data-widget_type=\"heading.default\">\n\t\t\t\t<div class=\"elementor-widget-container\">\n\t\t\t\t\t<h2 class=\"elementor-heading-title elementor-size-default\">Schulungsanbieter und Instruktoren \u2013 Partner f\u00fcr ein passgenaues Trainingsangebot!<\/h2>\t\t\t\t<\/div>\n\t\t\t\t<\/div>\n\t\t\t\t\t<\/div>\n\t\t<\/div>\n\t\t\t\t\t<\/div>\n\t\t<\/section>\n\t\t\t\t<section class=\"elementor-section elementor-top-section elementor-element elementor-element-c7cb392 elementor-section-content-middle elementor-section-boxed elementor-section-height-default elementor-section-height-default\" data-id=\"c7cb392\" data-element_type=\"section\" data-e-type=\"section\">\n\t\t\t\t\t\t<div class=\"elementor-container elementor-column-gap-wide\">\n\t\t\t\t\t<div class=\"elementor-column elementor-col-50 elementor-top-column elementor-element elementor-element-6406bfa\" data-id=\"6406bfa\" data-element_type=\"column\" data-e-type=\"column\">\n\t\t\t<div class=\"elementor-widget-wrap elementor-element-populated\">\n\t\t\t\t\t\t<div class=\"elementor-element elementor-element-2b573b3 elementor-widget elementor-widget-image\" data-id=\"2b573b3\" data-element_type=\"widget\" data-e-type=\"widget\" data-widget_type=\"image.default\">\n\t\t\t\t<div class=\"elementor-widget-container\">\n\t\t\t\t\t\t\t\t\t\t\t\t\t\t\t<img fetchpriority=\"high\" decoding=\"async\" width=\"359\" height=\"144\" src=\"https:\/\/sandra.dst-org.de\/wp-content\/uploads\/2021\/04\/barth.svg\" class=\"attachment-full size-full wp-image-53\" alt=\"\" \/>\t\t\t\t\t\t\t\t\t\t\t\t\t\t\t<\/div>\n\t\t\t\t<\/div>\n\t\t\t\t\t<\/div>\n\t\t<\/div>\n\t\t\t\t<div class=\"elementor-column elementor-col-50 elementor-top-column elementor-element elementor-element-fbae74b\" data-id=\"fbae74b\" data-element_type=\"column\" data-e-type=\"column\">\n\t\t\t<div class=\"elementor-widget-wrap elementor-element-populated\">\n\t\t\t\t\t\t<div class=\"elementor-element elementor-element-c188146 elementor-widget elementor-widget-image\" data-id=\"c188146\" data-element_type=\"widget\" data-e-type=\"widget\" data-widget_type=\"image.default\">\n\t\t\t\t<div class=\"elementor-widget-container\">\n\t\t\t\t\t\t\t\t\t\t\t\t\t\t\t<img decoding=\"async\" width=\"10371\" height=\"3845\" src=\"https:\/\/sandra.dst-org.de\/wp-content\/uploads\/2021\/09\/HGK.svg\" class=\"attachment-full size-full wp-image-967\" alt=\"\" \/>\t\t\t\t\t\t\t\t\t\t\t\t\t\t\t<\/div>\n\t\t\t\t<\/div>\n\t\t\t\t\t<\/div>\n\t\t<\/div>\n\t\t\t\t\t<\/div>\n\t\t<\/section>\n\t\t\t\t<section class=\"elementor-section elementor-top-section elementor-element elementor-element-7bef7e6 elementor-section-boxed elementor-section-height-default elementor-section-height-default\" data-id=\"7bef7e6\" data-element_type=\"section\" data-e-type=\"section\">\n\t\t\t\t\t\t<div class=\"elementor-container elementor-column-gap-wide\">\n\t\t\t\t\t<div class=\"elementor-column elementor-col-50 elementor-top-column elementor-element elementor-element-a9316ec\" data-id=\"a9316ec\" data-element_type=\"column\" data-e-type=\"column\">\n\t\t\t<div class=\"elementor-widget-wrap elementor-element-populated\">\n\t\t\t\t\t\t<div class=\"elementor-element elementor-element-e924360 elementor-widget elementor-widget-text-editor\" data-id=\"e924360\" data-element_type=\"widget\" data-e-type=\"widget\" data-widget_type=\"text-editor.default\">\n\t\t\t\t<div class=\"elementor-widget-container\">\n\t\t\t\t\t\t\t\t\t<p><strong>Akademie Barth<\/strong><\/p><p style=\"margin: 0cm 0cm 6.0pt 0cm;\">Die Akademie BARTH mit den Standorten Duisburg und Basel, bietet unter anderem anerkannte Schulungen in den Kategorien \u201eADN Gefahrgut\u201c, \u201eAusbilderqualifikation\u201c, \u201eBerufsqualifikationen Patente\u201c an.<\/p><p style=\"margin: 0cm 0cm 6.0pt 0cm;\">Neben den anerkannten Schulungen folgt am Standort Duisburg der Aufbau der Kategorie \u201eSimulatortraining\u201c. Am Flachwasserfahrsimulator SANDRA II werden navigatorische F\u00e4higkeiten trainiert, beispielweise sichere Fahrzeugf\u00fchrung unter kritischen Witterungsverh\u00e4ltnissen auf Binnen- und Seewasserstra\u00dfen. Trainingsziele sind hierbei stets \u201eK\u00fchlen Kopf behalten\u201c und Abbau von Pr\u00fcfungsangst.<\/p><p style=\"margin: 0cm 0cm 6.0pt 0cm;\">Zu den St\u00e4rken der Akademie BARTH geh\u00f6rt auch, gemeinsam mit dem Kunden betriebsspezifische Schulungsbedarfe zu ermitteln und passgenaue Traineeprogramme zu entwickeln.<\/p>\t\t\t\t\t\t\t\t<\/div>\n\t\t\t\t<\/div>\n\t\t\t\t<div class=\"elementor-element elementor-element-62f14de elementor-align-center elementor-widget elementor-widget-button\" data-id=\"62f14de\" data-element_type=\"widget\" data-e-type=\"widget\" data-widget_type=\"button.default\">\n\t\t\t\t<div class=\"elementor-widget-container\">\n\t\t\t\t\t\t\t\t\t<div class=\"elementor-button-wrapper\">\n\t\t\t\t\t<a class=\"elementor-button elementor-button-link elementor-size-sm\" href=\"https:\/\/www.akademie-barth.de\/kontakt\">\n\t\t\t\t\t\t<span class=\"elementor-button-content-wrapper\">\n\t\t\t\t\t\t\t\t\t<span class=\"elementor-button-text\">Jetzt anfragen<\/span>\n\t\t\t\t\t<\/span>\n\t\t\t\t\t<\/a>\n\t\t\t\t<\/div>\n\t\t\t\t\t\t\t\t<\/div>\n\t\t\t\t<\/div>\n\t\t\t\t<div class=\"elementor-element elementor-element-ba46d4b elementor-widget elementor-widget-text-editor\" data-id=\"ba46d4b\" data-element_type=\"widget\" data-e-type=\"widget\" data-widget_type=\"text-editor.default\">\n\t\t\t\t<div class=\"elementor-widget-container\">\n\t\t\t\t\t\t\t\t\t<p>Weitere Infos finden Sie unter <a href=\"https:\/\/www.akademie-barth.de\">https:\/\/www.akademie-barth.de<\/a><\/p>\t\t\t\t\t\t\t\t<\/div>\n\t\t\t\t<\/div>\n\t\t\t\t\t<\/div>\n\t\t<\/div>\n\t\t\t\t<div class=\"elementor-column elementor-col-50 elementor-top-column elementor-element elementor-element-f5b6f64\" data-id=\"f5b6f64\" data-element_type=\"column\" data-e-type=\"column\">\n\t\t\t<div class=\"elementor-widget-wrap elementor-element-populated\">\n\t\t\t\t\t\t<div class=\"elementor-element elementor-element-b058675 elementor-widget elementor-widget-text-editor\" data-id=\"b058675\" data-element_type=\"widget\" data-e-type=\"widget\" data-widget_type=\"text-editor.default\">\n\t\t\t\t<div class=\"elementor-widget-container\">\n\t\t\t\t\t\t\t\t\t<p><strong>HGK Shipping Trainingscenter<\/strong><\/p><p>Das \u201eHGK Shipping Trainingscenter\u201c mit Standort in Duisburg-Homberg ist Ihr Anbieter f\u00fcr die Aus- und Weiterbildung in der Binnenschifffahrt. Unser Angebot reicht von Sicherheitsgrundlehrg\u00e4ngen f\u00fcr Berufseinsteiger, \u00fcber Gefahrgutlehrg\u00e4nge, praktische Trainings f\u00fcr Decksleute, Radarpatentseminare und Kurse zur Vorbereitung auf die Patentpr\u00fcfung bis hin zu individuell konzipierten Trainings gem\u00e4\u00df Ihrer Belange.<br \/>Die HGK Shipping nutzt SANDRA II f\u00fcr die Schulung von Patentanw\u00e4rtern sowie in internen Sicherheitsseminaren. Die Seminare werden durch erfahrene Binnenschiffer mit Praxiswissen durchgef\u00fchrt, um ein optimales Lernen zu garantieren.<\/p><p>Die Seminare stehen allen Interessierten offen, das HGK Shipping Trainingscenter erreichen Sie unter Tel. +49 203 39 587-435 oder <a href=\"mailto:shipping-trainingscenter@hgkgroup.de\">shipping-trainingscenter@hgkgroup.de<\/a>.<\/p><p><a href=\"https:\/\/hgkshipping.de\/\">https:\/\/hgkshipping.de<\/a><\/p>\t\t\t\t\t\t\t\t<\/div>\n\t\t\t\t<\/div>\n\t\t\t\t\t<\/div>\n\t\t<\/div>\n\t\t\t\t\t<\/div>\n\t\t<\/section>\n\t\t\t\t<section class=\"elementor-section elementor-top-section elementor-element elementor-element-71f5dce elementor-section-boxed elementor-section-height-default elementor-section-height-default\" data-id=\"71f5dce\" data-element_type=\"section\" data-e-type=\"section\">\n\t\t\t\t\t\t<div class=\"elementor-container elementor-column-gap-default\">\n\t\t\t\t\t<div class=\"elementor-column elementor-col-100 elementor-top-column elementor-element elementor-element-68c3620\" data-id=\"68c3620\" data-element_type=\"column\" data-e-type=\"column\">\n\t\t\t<div class=\"elementor-widget-wrap elementor-element-populated\">\n\t\t\t\t\t\t<div class=\"elementor-element elementor-element-cb91bfa elementor-widget elementor-widget-spacer\" data-id=\"cb91bfa\" data-element_type=\"widget\" data-e-type=\"widget\" data-widget_type=\"spacer.default\">\n\t\t\t\t<div class=\"elementor-widget-container\">\n\t\t\t\t\t\t\t<div class=\"elementor-spacer\">\n\t\t\t<div class=\"elementor-spacer-inner\"><\/div>\n\t\t<\/div>\n\t\t\t\t\t\t<\/div>\n\t\t\t\t<\/div>\n\t\t\t\t\t<\/div>\n\t\t<\/div>\n\t\t\t\t\t<\/div>\n\t\t<\/section>\n\t\t\t\t<section class=\"elementor-section elementor-top-section elementor-element elementor-element-26f9443 elementor-section-boxed elementor-section-height-default elementor-section-height-default\" data-id=\"26f9443\" data-element_type=\"section\" data-e-type=\"section\">\n\t\t\t\t\t\t<div class=\"elementor-container elementor-column-gap-wide\">\n\t\t\t\t\t<div class=\"elementor-column elementor-col-50 elementor-top-column elementor-element elementor-element-eb805a7\" data-id=\"eb805a7\" data-element_type=\"column\" data-e-type=\"column\">\n\t\t\t<div class=\"elementor-widget-wrap elementor-element-populated\">\n\t\t\t\t\t\t<div class=\"elementor-element elementor-element-102f908 elementor-widget elementor-widget-image\" data-id=\"102f908\" data-element_type=\"widget\" data-e-type=\"widget\" data-widget_type=\"image.default\">\n\t\t\t\t<div class=\"elementor-widget-container\">\n\t\t\t\t\t\t\t\t\t\t\t\t\t\t\t<img decoding=\"async\" width=\"240\" height=\"240\" src=\"https:\/\/sandra.dst-org.de\/wp-content\/uploads\/2021\/04\/Schulschiff-Rhein-Logo.png\" class=\"attachment-full size-full wp-image-131\" alt=\"\" srcset=\"https:\/\/sandra.dst-org.de\/wp-content\/uploads\/2021\/04\/Schulschiff-Rhein-Logo.png 240w, https:\/\/sandra.dst-org.de\/wp-content\/uploads\/2021\/04\/Schulschiff-Rhein-Logo-150x150.png 150w\" sizes=\"(max-width: 240px) 100vw, 240px\" \/>\t\t\t\t\t\t\t\t\t\t\t\t\t\t\t<\/div>\n\t\t\t\t<\/div>\n\t\t\t\t\t<\/div>\n\t\t<\/div>\n\t\t\t\t<div class=\"elementor-column elementor-col-50 elementor-top-column elementor-element elementor-element-b1452c5\" data-id=\"b1452c5\" data-element_type=\"column\" data-e-type=\"column\">\n\t\t\t<div class=\"elementor-widget-wrap elementor-element-populated\">\n\t\t\t\t\t\t<div class=\"elementor-element elementor-element-214959e elementor-widget elementor-widget-image\" data-id=\"214959e\" data-element_type=\"widget\" data-e-type=\"widget\" data-widget_type=\"image.default\">\n\t\t\t\t<div class=\"elementor-widget-container\">\n\t\t\t\t\t\t\t\t\t\t\t\t\t\t\t<img loading=\"lazy\" decoding=\"async\" width=\"151\" height=\"104\" src=\"https:\/\/sandra.dst-org.de\/wp-content\/uploads\/2021\/09\/Instruktorenpool.svg\" class=\"attachment-full size-full wp-image-906\" alt=\"\" \/>\t\t\t\t\t\t\t\t\t\t\t\t\t\t\t<\/div>\n\t\t\t\t<\/div>\n\t\t\t\t\t<\/div>\n\t\t<\/div>\n\t\t\t\t\t<\/div>\n\t\t<\/section>\n\t\t\t\t<section class=\"elementor-section elementor-top-section elementor-element elementor-element-1ccbadf elementor-section-boxed elementor-section-height-default elementor-section-height-default\" data-id=\"1ccbadf\" data-element_type=\"section\" data-e-type=\"section\">\n\t\t\t\t\t\t<div class=\"elementor-container elementor-column-gap-wide\">\n\t\t\t\t\t<div class=\"elementor-column elementor-col-50 elementor-top-column elementor-element elementor-element-0079a2f\" data-id=\"0079a2f\" data-element_type=\"column\" data-e-type=\"column\">\n\t\t\t<div class=\"elementor-widget-wrap elementor-element-populated\">\n\t\t\t\t\t\t<div class=\"elementor-element elementor-element-ae4f27b elementor-widget elementor-widget-text-editor\" data-id=\"ae4f27b\" data-element_type=\"widget\" data-e-type=\"widget\" data-widget_type=\"text-editor.default\">\n\t\t\t\t<div class=\"elementor-widget-container\">\n\t\t\t\t\t\t\t\t\t<p><strong>Schulschiff Rhein<\/strong><\/p><p><a href=\"https:\/\/www.schulschiff-rhein.de\">https:\/\/www.schulschiff-rhein.de<\/a><\/p>\t\t\t\t\t\t\t\t<\/div>\n\t\t\t\t<\/div>\n\t\t\t\t\t<\/div>\n\t\t<\/div>\n\t\t\t\t<div class=\"elementor-column elementor-col-50 elementor-top-column elementor-element elementor-element-1ad4831\" data-id=\"1ad4831\" data-element_type=\"column\" data-e-type=\"column\">\n\t\t\t<div class=\"elementor-widget-wrap elementor-element-populated\">\n\t\t\t\t\t\t<div class=\"elementor-element elementor-element-e22dd3c elementor-widget elementor-widget-text-editor\" data-id=\"e22dd3c\" data-element_type=\"widget\" data-e-type=\"widget\" data-widget_type=\"text-editor.default\">\n\t\t\t\t<div class=\"elementor-widget-container\">\n\t\t\t\t\t\t\t\t\t<p><strong>Instruktorenpool<\/strong><\/p><p>Der Instruktorenpool besteht aus Schiffsf\u00fchrern mit unterschiedlichen Schwerpunkten (Schubschifffahrt, Fahrgastschifffahrt, etc.) und langj\u00e4hriger Erfahrung mit Schulungen und Weiterbildungen unter Nutzung eines Schiffsf\u00fchrungssimulators. Die Mitglieder beraten Sie gerne bei Ihrer Anfrage oder Problemstellung und erarbeiten gemeinsam mit Ihnen eine geeignete individuelle Schulungsma\u00dfnahme am Simulator SANDRA II.<\/p><p>Sie erreichen uns \u00fcber folgende E-Mail Adresse:<\/p><p><a href=\"mailto:esd-instruktoren@schiffer-bk.de\">esd-instruktoren@schiffer-bk.de<\/a><\/p>\t\t\t\t\t\t\t\t<\/div>\n\t\t\t\t<\/div>\n\t\t\t\t\t<\/div>\n\t\t<\/div>\n\t\t\t\t\t<\/div>\n\t\t<\/section>\n\t\t\t\t<\/div>\n\t\t","protected":false},"excerpt":{"rendered":"<p>Schulungsanbieter und Instruktoren \u2013 Partner f\u00fcr ein passgenaues Trainingsangebot! Akademie Barth Die Akademie BARTH mit den Standorten Duisburg und Basel, bietet unter anderem anerkannte Schulungen in den Kategorien \u201eADN Gefahrgut\u201c, \u201eAusbilderqualifikation\u201c, \u201eBerufsqualifikationen Patente\u201c an. Neben den anerkannten Schulungen folgt am Standort Duisburg der Aufbau der Kategorie \u201eSimulatortraining\u201c. Am Flachwasserfahrsimulator SANDRA II werden navigatorische F\u00e4higkeiten trainiert, [&hellip;]<\/p>\n","protected":false},"author":4,"featured_media":0,"parent":0,"menu_order":0,"comment_status":"closed","ping_status":"closed","template":"elementor_header_footer","meta":{"footnotes":""},"class_list":["post-49","page","type-page","status-publish","hentry"],"_links":{"self":[{"href":"https:\/\/sandra.dst-org.de\/index.php\/wp-json\/wp\/v2\/pages\/49","targetHints":{"allow":["GET"]}}],"collection":[{"href":"https:\/\/sandra.dst-org.de\/index.php\/wp-json\/wp\/v2\/pages"}],"about":[{"href":"https:\/\/sandra.dst-org.de\/index.php\/wp-json\/wp\/v2\/types\/page"}],"author":[{"embeddable":true,"href":"https:\/\/sandra.dst-org.de\/index.php\/wp-json\/wp\/v2\/users\/4"}],"replies":[{"embeddable":true,"href":"https:\/\/sandra.dst-org.de\/index.php\/wp-json\/wp\/v2\/comments?post=49"}],"version-history":[{"count":206,"href":"https:\/\/sandra.dst-org.de\/index.php\/wp-json\/wp\/v2\/pages\/49\/revisions"}],"predecessor-version":[{"id":1270,"href":"https:\/\/sandra.dst-org.de\/index.php\/wp-json\/wp\/v2\/pages\/49\/revisions\/1270"}],"wp:attachment":[{"href":"https:\/\/sandra.dst-org.de\/index.php\/wp-json\/wp\/v2\/media?parent=49"}],"curies":[{"name":"wp","href":"https:\/\/api.w.org\/{rel}","templated":true}]}}